{"id":1636,"date":"2026-05-05T14:33:47","date_gmt":"2026-05-05T14:33:47","guid":{"rendered":"https:\/\/fleurs-nicole.lu\/lieferung\/"},"modified":"2026-05-08T08:46:38","modified_gmt":"2026-05-08T08:46:38","slug":"lieferung","status":"publish","type":"page","link":"https:\/\/fleurs-nicole.lu\/de\/lieferung\/","title":{"rendered":"Lieferung"},"content":{"rendered":"\t\t<div data-elementor-type=\"wp-page\" data-elementor-id=\"1636\" class=\"elementor elementor-1636 elementor-1572\" data-elementor-post-type=\"page\">\n\t\t\t\t<div class=\"elementor-element elementor-element-d364d3a e-flex e-con-boxed e-con e-parent\" data-id=\"d364d3a\" data-element_type=\"container\" data-e-type=\"container\" data-settings=\"{&quot;background_background&quot;:&quot;classic&quot;}\">\n\t\t\t\t\t<div class=\"e-con-inner\">\n\t\t<div class=\"elementor-element elementor-element-60d78e8 e-flex e-con-boxed e-con e-child\" data-id=\"60d78e8\" data-element_type=\"container\" data-e-type=\"container\" data-settings=\"{&quot;background_background&quot;:&quot;classic&quot;}\">\n\t\t\t\t\t<div class=\"e-con-inner\">\n\t\t\t\t<div class=\"elementor-element elementor-element-fadb249 elementor-widget elementor-widget-heading\" data-id=\"fadb249\" data-element_type=\"widget\" data-e-type=\"widget\" data-widget_type=\"heading.default\">\n\t\t\t\t\t<h1 class=\"elementor-heading-title elementor-size-default\">Bestellung und Lieferung<\/h1>\t\t\t\t<\/div>\n\t\t\t\t\t<\/div>\n\t\t\t\t<\/div>\n\t\t\t\t\t<\/div>\n\t\t\t\t<\/div>\n\t\t<div class=\"elementor-element elementor-element-d18d43b e-flex e-con-boxed e-con e-parent\" data-id=\"d18d43b\" data-element_type=\"container\" data-e-type=\"container\" data-settings=\"{&quot;background_background&quot;:&quot;classic&quot;}\">\n\t\t\t\t\t<div class=\"e-con-inner\">\n\t\t<div class=\"elementor-element elementor-element-a722a10 e-flex e-con-boxed e-con e-child\" data-id=\"a722a10\" data-element_type=\"container\" data-e-type=\"container\">\n\t\t\t\t\t<div class=\"e-con-inner\">\n\t\t<div class=\"elementor-element elementor-element-dfe94b5 e-flex e-con-boxed e-con e-child\" data-id=\"dfe94b5\" data-element_type=\"container\" data-e-type=\"container\">\n\t\t\t\t\t<div class=\"e-con-inner\">\n\t\t<div class=\"elementor-element elementor-element-0db682e e-flex e-con-boxed e-con e-child\" data-id=\"0db682e\" data-element_type=\"container\" data-e-type=\"container\">\n\t\t\t\t\t<div class=\"e-con-inner\">\n\t\t<div class=\"elementor-element elementor-element-1722138 animated-slow e-con-full e-flex elementor-invisible e-con e-child\" data-id=\"1722138\" data-element_type=\"container\" data-e-type=\"container\" data-settings=\"{&quot;background_background&quot;:&quot;classic&quot;,&quot;animation&quot;:&quot;fadeIn&quot;}\">\n\t\t\t\t<div class=\"elementor-element elementor-element-39afb24 elementor-widget elementor-widget-spacer\" data-id=\"39afb24\" data-element_type=\"widget\" data-e-type=\"widget\" data-widget_type=\"spacer.default\">\n\t\t\t\t\t\t\t<div class=\"elementor-spacer\">\n\t\t\t<div class=\"elementor-spacer-inner\"><\/div>\n\t\t<\/div>\n\t\t\t\t\t\t<\/div>\n\t\t\t\t<\/div>\n\t\t<div class=\"elementor-element elementor-element-74a6bcb e-con-full e-flex e-con e-child\" data-id=\"74a6bcb\" data-element_type=\"container\" data-e-type=\"container\" data-settings=\"{&quot;position&quot;:&quot;absolute&quot;}\">\n\t\t\t\t<div class=\"elementor-element elementor-element-ecf5814 animated-slow elementor-invisible elementor-widget elementor-widget-image\" data-id=\"ecf5814\" data-element_type=\"widget\" data-e-type=\"widget\" data-settings=\"{&quot;_animation&quot;:&quot;fadeIn&quot;,&quot;_animation_delay&quot;:300}\" data-widget_type=\"image.default\">\n\t\t\t\t\t\t\t\t\t\t\t\t\t\t\t<img fetchpriority=\"high\" decoding=\"async\" width=\"1536\" height=\"2048\" src=\"https:\/\/fleurs-nicole.lu\/wp-content\/uploads\/2026\/02\/a-propos.jpg\" class=\"attachment-full size-full wp-image-1639\" alt=\"\" srcset=\"https:\/\/fleurs-nicole.lu\/wp-content\/uploads\/2026\/02\/a-propos.jpg 1536w, https:\/\/fleurs-nicole.lu\/wp-content\/uploads\/2026\/02\/a-propos-225x300.jpg 225w, https:\/\/fleurs-nicole.lu\/wp-content\/uploads\/2026\/02\/a-propos-768x1024.jpg 768w, https:\/\/fleurs-nicole.lu\/wp-content\/uploads\/2026\/02\/a-propos-1152x1536.jpg 1152w\" sizes=\"(max-width: 1536px) 100vw, 1536px\" \/>\t\t\t\t\t\t\t\t\t\t\t\t\t\t\t<\/div>\n\t\t\t\t<\/div>\n\t\t\t\t\t<\/div>\n\t\t\t\t<\/div>\n\t\t\t\t\t<\/div>\n\t\t\t\t<\/div>\n\t\t<div class=\"elementor-element elementor-element-57a49b9 e-flex e-con-boxed e-con e-child\" data-id=\"57a49b9\" data-element_type=\"container\" data-e-type=\"container\">\n\t\t\t\t\t<div class=\"e-con-inner\">\n\t\t\t\t<div class=\"elementor-element elementor-element-30d34f1 animated-slow elementor-widget__width-initial elementor-invisible elementor-widget elementor-widget-heading\" data-id=\"30d34f1\" data-element_type=\"widget\" data-e-type=\"widget\" data-settings=\"{&quot;_animation&quot;:&quot;fadeIn&quot;,&quot;_animation_delay&quot;:500}\" data-widget_type=\"heading.default\">\n\t\t\t\t\t<h2 class=\"elementor-heading-title elementor-size-default\">Bestellung <br>&amp; Lieferung<\/h2>\t\t\t\t<\/div>\n\t\t\t\t<div class=\"elementor-element elementor-element-ea4e631 elementor-widget elementor-widget-text-editor\" data-id=\"ea4e631\" data-element_type=\"widget\" data-e-type=\"widget\" data-widget_type=\"text-editor.default\">\n\t\t\t\t\t\t\t\t\t<p>Adresse: 50, Grand-Rue, L-9710 Clervaux, Luxemburg<br>Telefon: <a href=\"tel:(+352) 92 11 15\">(+352) 92 11 15<\/a> &#8212; E-Mail: <a href=\"mailto:info@fleurs-nicole.lu\">info@fleurs-nicole.lu<\/a><\/p><p>Ein Parkplatz steht vor dem Gesch\u00e4ft zur Verf\u00fcgung.<\/p><p>Sie k\u00f6nnen nicht pers\u00f6nlich vorbeikommen? Wir liefern Blumen direkt zu Ihnen nach Hause, vorwiegend im Norden Luxemburgs.<\/p><p>Unser Team spricht Franz\u00f6sisch, Deutsch und Englisch.<\/p><p>Wir akzeptieren verschiedene Zahlungsmethoden: Barzahlung, Visa, Mastercard, V PAY oder Geschenkgutscheine.<\/p>\t\t\t\t\t\t\t\t<\/div>\n\t\t\t\t\t<\/div>\n\t\t\t\t<\/div>\n\t\t\t\t\t<\/div>\n\t\t\t\t<\/div>\n\t\t\t\t\t<\/div>\n\t\t\t\t<\/div>\n\t\t\t\t<\/div>\n\t\t","protected":false},"excerpt":{"rendered":"<p>Bestellung und Lieferung Bestellung &amp; Lieferung Adresse: 50, Grand-Rue, L-9710 Clervaux, LuxemburgTelefon: (+352) 92 11 15 &#8212; E-Mail: info@fleurs-nicole.lu Ein Parkplatz steht vor dem Gesch\u00e4ft zur Verf\u00fcgung. Sie k\u00f6nnen nicht pers\u00f6nlich vorbeikommen? Wir liefern Blumen direkt zu Ihnen nach Hause, vorwiegend im Norden Luxemburgs. Unser Team spricht Franz\u00f6sisch, Deutsch und Englisch. Wir akzeptieren verschiedene Zahlungsmethoden: [&hellip;]<\/p>\n","protected":false},"author":1,"featured_media":0,"parent":0,"menu_order":0,"comment_status":"closed","ping_status":"closed","template":"","meta":{"footnotes":""},"class_list":["post-1636","page","type-page","status-publish","hentry"],"_links":{"self":[{"href":"https:\/\/fleurs-nicole.lu\/de\/wp-json\/wp\/v2\/pages\/1636","targetHints":{"allow":["GET"]}}],"collection":[{"href":"https:\/\/fleurs-nicole.lu\/de\/wp-json\/wp\/v2\/pages"}],"about":[{"href":"https:\/\/fleurs-nicole.lu\/de\/wp-json\/wp\/v2\/types\/page"}],"author":[{"embeddable":true,"href":"https:\/\/fleurs-nicole.lu\/de\/wp-json\/wp\/v2\/users\/1"}],"replies":[{"embeddable":true,"href":"https:\/\/fleurs-nicole.lu\/de\/wp-json\/wp\/v2\/comments?post=1636"}],"version-history":[{"count":1,"href":"https:\/\/fleurs-nicole.lu\/de\/wp-json\/wp\/v2\/pages\/1636\/revisions"}],"predecessor-version":[{"id":1640,"href":"https:\/\/fleurs-nicole.lu\/de\/wp-json\/wp\/v2\/pages\/1636\/revisions\/1640"}],"wp:attachment":[{"href":"https:\/\/fleurs-nicole.lu\/de\/wp-json\/wp\/v2\/media?parent=1636"}],"curies":[{"name":"wp","href":"https:\/\/api.w.org\/{rel}","templated":true}]}}