{"id":1641,"date":"2026-01-22T13:10:58","date_gmt":"2026-01-22T13:10:58","guid":{"rendered":"https:\/\/fleurs-nicole.lu\/ueber-uns\/"},"modified":"2026-05-08T08:46:56","modified_gmt":"2026-05-08T08:46:56","slug":"ueber-uns","status":"publish","type":"page","link":"https:\/\/fleurs-nicole.lu\/de\/ueber-uns\/","title":{"rendered":"\u00dcber uns"},"content":{"rendered":"\t\t<div data-elementor-type=\"wp-page\" data-elementor-id=\"1641\" class=\"elementor elementor-1641 elementor-15\" data-elementor-post-type=\"page\">\n\t\t\t\t<div class=\"elementor-element elementor-element-4d53ad20 e-flex e-con-boxed e-con e-parent\" data-id=\"4d53ad20\" data-element_type=\"container\" data-e-type=\"container\" data-settings=\"{&quot;background_background&quot;:&quot;classic&quot;}\">\n\t\t\t\t\t<div class=\"e-con-inner\">\n\t\t<div class=\"elementor-element elementor-element-29960857 e-flex e-con-boxed e-con e-child\" data-id=\"29960857\" data-element_type=\"container\" data-e-type=\"container\" data-settings=\"{&quot;background_background&quot;:&quot;classic&quot;}\">\n\t\t\t\t\t<div class=\"e-con-inner\">\n\t\t\t\t<div class=\"elementor-element elementor-element-3d0456d8 elementor-widget elementor-widget-heading\" data-id=\"3d0456d8\" data-element_type=\"widget\" data-e-type=\"widget\" data-widget_type=\"heading.default\">\n\t\t\t\t\t<h1 class=\"elementor-heading-title elementor-size-default\">\u00dcber uns<\/h1>\t\t\t\t<\/div>\n\t\t\t\t\t<\/div>\n\t\t\t\t<\/div>\n\t\t\t\t\t<\/div>\n\t\t\t\t<\/div>\n\t\t<div class=\"elementor-element elementor-element-66d626a e-flex e-con-boxed e-con e-parent\" data-id=\"66d626a\" data-element_type=\"container\" data-e-type=\"container\" data-settings=\"{&quot;background_background&quot;:&quot;classic&quot;}\">\n\t\t\t\t\t<div class=\"e-con-inner\">\n\t\t<div class=\"elementor-element elementor-element-689c94b animated-slow e-con-full e-flex elementor-invisible e-con e-child\" data-id=\"689c94b\" data-element_type=\"container\" data-e-type=\"container\" data-settings=\"{&quot;animation&quot;:&quot;fadeIn&quot;,&quot;animation_delay&quot;:300}\">\n\t\t\t\t<div class=\"elementor-element elementor-element-7cf17d6 elementor-widget elementor-widget-heading\" data-id=\"7cf17d6\" data-element_type=\"widget\" data-e-type=\"widget\" data-widget_type=\"heading.default\">\n\t\t\t\t\t<h2 class=\"elementor-heading-title elementor-size-default\">Fleurs Nicole \u2013 Ihr Blumenfachgesch\u00e4ft in Clerf seit \u00fcber 35 Jahren.<\/h2>\t\t\t\t<\/div>\n\t\t\t\t<div class=\"elementor-element elementor-element-8d3fb46 elementor-widget__width-initial elementor-widget elementor-widget-text-editor\" data-id=\"8d3fb46\" data-element_type=\"widget\" data-e-type=\"widget\" data-widget_type=\"text-editor.default\">\n\t\t\t\t\t\t\t\t\t<p>Ob kreativ, modern oder klassisch \u2013 FLEURS NICOLE entwickelt sein florales Handwerk st\u00e4ndig weiter, um Ihren W\u00fcnschen gerecht zu werden.<\/p><p>Wir beraten Sie mit Leidenschaft, um den Blumenstrau\u00df oder die Komposition zu finden, die perfekt zu Ihrer Botschaft passt: Gl\u00fcckw\u00fcnsche, Beileid oder Liebeserkl\u00e4rung.<\/p>\t\t\t\t\t\t\t\t<\/div>\n\t\t\t\t<\/div>\n\t\t\t\t\t<\/div>\n\t\t\t\t<\/div>\n\t\t<div class=\"elementor-element elementor-element-994b95d e-con-full custom-swip e-flex e-con e-parent\" data-id=\"994b95d\" data-element_type=\"container\" data-e-type=\"container\" data-settings=\"{&quot;background_background&quot;:&quot;classic&quot;}\">\n\t\t\t\t<div class=\"elementor-element elementor-element-d2b0093 animated-slow elementor-invisible elementor-widget elementor-widget-image-carousel\" data-id=\"d2b0093\" data-element_type=\"widget\" data-e-type=\"widget\" data-settings=\"{&quot;slides_to_show&quot;:&quot;4&quot;,&quot;navigation&quot;:&quot;none&quot;,&quot;slides_to_show_tablet&quot;:&quot;2&quot;,&quot;slides_to_show_mobile&quot;:&quot;1&quot;,&quot;_animation&quot;:&quot;fadeIn&quot;,&quot;_animation_delay&quot;:300,&quot;autoplay&quot;:&quot;yes&quot;,&quot;pause_on_hover&quot;:&quot;yes&quot;,&quot;pause_on_interaction&quot;:&quot;yes&quot;,&quot;autoplay_speed&quot;:5000,&quot;infinite&quot;:&quot;yes&quot;,&quot;speed&quot;:500,&quot;image_spacing_custom&quot;:{&quot;unit&quot;:&quot;px&quot;,&quot;size&quot;:20,&quot;sizes&quot;:[]},&quot;image_spacing_custom_tablet&quot;:{&quot;unit&quot;:&quot;px&quot;,&quot;size&quot;:&quot;&quot;,&quot;sizes&quot;:[]}}\" data-widget_type=\"image-carousel.default\">\n\t\t\t\t\t\t\t<div class=\"elementor-image-carousel-wrapper swiper\" role=\"region\" aria-roledescription=\"carousel\" aria-label=\"Carrousel d\u2019images\" dir=\"ltr\">\n\t\t\t<div class=\"elementor-image-carousel swiper-wrapper\" aria-live=\"off\">\n\t\t\t\t\t\t\t\t<div class=\"swiper-slide\" role=\"group\" aria-roledescription=\"slide\" aria-label=\"1 von 6\"><a data-elementor-open-lightbox=\"yes\" data-elementor-lightbox-slideshow=\"d2b0093\" data-elementor-lightbox-title=\"Galerie-\u00fcber-uns (3)\" data-e-action-hash=\"#elementor-action%3Aaction%3Dlightbox%26settings%3DeyJpZCI6MTY0MiwidXJsIjoiaHR0cHM6XC9cL2ZsZXVycy1uaWNvbGUubHVcL3dwLWNvbnRlbnRcL3VwbG9hZHNcLzIwMjZcLzAxXC9nYWxlcmllLXByb3Bvcy0zLmpwZyIsInNsaWRlc2hvdyI6ImQyYjAwOTMifQ%3D%3D\" href=\"https:\/\/fleurs-nicole.lu\/wp-content\/uploads\/2026\/01\/galerie-propos-3.jpg\"><figure class=\"swiper-slide-inner\"><img decoding=\"async\" class=\"swiper-slide-image\" src=\"https:\/\/fleurs-nicole.lu\/wp-content\/uploads\/2026\/01\/galerie-propos-3.jpg\" alt=\"Galerie-\u00fcber-uns (3)\" \/><\/figure><\/a><\/div><div class=\"swiper-slide\" role=\"group\" aria-roledescription=\"slide\" aria-label=\"2 von 6\"><a data-elementor-open-lightbox=\"yes\" data-elementor-lightbox-slideshow=\"d2b0093\" data-elementor-lightbox-title=\"Galerie-\u00fcber-uns (4)\" data-e-action-hash=\"#elementor-action%3Aaction%3Dlightbox%26settings%3DeyJpZCI6MTY0MywidXJsIjoiaHR0cHM6XC9cL2ZsZXVycy1uaWNvbGUubHVcL3dwLWNvbnRlbnRcL3VwbG9hZHNcLzIwMjZcLzAxXC9nYWxlcmllLXByb3Bvcy00LmpwZyIsInNsaWRlc2hvdyI6ImQyYjAwOTMifQ%3D%3D\" href=\"https:\/\/fleurs-nicole.lu\/wp-content\/uploads\/2026\/01\/galerie-propos-4.jpg\"><figure class=\"swiper-slide-inner\"><img decoding=\"async\" class=\"swiper-slide-image\" src=\"https:\/\/fleurs-nicole.lu\/wp-content\/uploads\/2026\/01\/galerie-propos-4.jpg\" alt=\"Galerie-\u00fcber-uns (4)\" \/><\/figure><\/a><\/div><div class=\"swiper-slide\" role=\"group\" aria-roledescription=\"slide\" aria-label=\"3 von 6\"><a data-elementor-open-lightbox=\"yes\" data-elementor-lightbox-slideshow=\"d2b0093\" data-elementor-lightbox-title=\"galerie-propos (5)\" data-e-action-hash=\"#elementor-action%3Aaction%3Dlightbox%26settings%3DeyJpZCI6MTY0NCwidXJsIjoiaHR0cHM6XC9cL2ZsZXVycy1uaWNvbGUubHVcL3dwLWNvbnRlbnRcL3VwbG9hZHNcLzIwMjZcLzAxXC9nYWxlcmllLXByb3Bvcy01LmpwZyIsInNsaWRlc2hvdyI6ImQyYjAwOTMifQ%3D%3D\" href=\"https:\/\/fleurs-nicole.lu\/wp-content\/uploads\/2026\/01\/galerie-propos-5.jpg\"><figure class=\"swiper-slide-inner\"><img decoding=\"async\" class=\"swiper-slide-image\" src=\"https:\/\/fleurs-nicole.lu\/wp-content\/uploads\/2026\/01\/galerie-propos-5.jpg\" alt=\"galerie-propos (5)\" \/><\/figure><\/a><\/div><div class=\"swiper-slide\" role=\"group\" aria-roledescription=\"slide\" aria-label=\"4 von 6\"><a data-elementor-open-lightbox=\"yes\" data-elementor-lightbox-slideshow=\"d2b0093\" data-elementor-lightbox-title=\"galerie-propos (7)\" data-e-action-hash=\"#elementor-action%3Aaction%3Dlightbox%26settings%3DeyJpZCI6MTY0NiwidXJsIjoiaHR0cHM6XC9cL2ZsZXVycy1uaWNvbGUubHVcL3dwLWNvbnRlbnRcL3VwbG9hZHNcLzIwMjZcLzAxXC9nYWxlcmllLXByb3Bvcy03LmpwZyIsInNsaWRlc2hvdyI6ImQyYjAwOTMifQ%3D%3D\" href=\"https:\/\/fleurs-nicole.lu\/wp-content\/uploads\/2026\/01\/galerie-propos-7.jpg\"><figure class=\"swiper-slide-inner\"><img decoding=\"async\" class=\"swiper-slide-image\" src=\"https:\/\/fleurs-nicole.lu\/wp-content\/uploads\/2026\/01\/galerie-propos-7.jpg\" alt=\"galerie-propos (7)\" \/><\/figure><\/a><\/div><div class=\"swiper-slide\" role=\"group\" aria-roledescription=\"slide\" aria-label=\"5 von 6\"><a data-elementor-open-lightbox=\"yes\" data-elementor-lightbox-slideshow=\"d2b0093\" data-elementor-lightbox-title=\"Galerie-\u00dcber uns (1)\" data-e-action-hash=\"#elementor-action%3Aaction%3Dlightbox%26settings%3DeyJpZCI6MTY0NywidXJsIjoiaHR0cHM6XC9cL2ZsZXVycy1uaWNvbGUubHVcL3dwLWNvbnRlbnRcL3VwbG9hZHNcLzIwMjZcLzAxXC9nYWxlcmllLXByb3Bvcy0xLmpwZyIsInNsaWRlc2hvdyI6ImQyYjAwOTMifQ%3D%3D\" href=\"https:\/\/fleurs-nicole.lu\/wp-content\/uploads\/2026\/01\/galerie-propos-1.jpg\"><figure class=\"swiper-slide-inner\"><img decoding=\"async\" class=\"swiper-slide-image\" src=\"https:\/\/fleurs-nicole.lu\/wp-content\/uploads\/2026\/01\/galerie-propos-1.jpg\" alt=\"Galerie-\u00dcber uns (1)\" \/><\/figure><\/a><\/div><div class=\"swiper-slide\" role=\"group\" aria-roledescription=\"slide\" aria-label=\"6 von 6\"><a data-elementor-open-lightbox=\"yes\" data-elementor-lightbox-slideshow=\"d2b0093\" data-elementor-lightbox-title=\"Galerie-\u00dcber uns (2)\" data-e-action-hash=\"#elementor-action%3Aaction%3Dlightbox%26settings%3DeyJpZCI6MTY0OCwidXJsIjoiaHR0cHM6XC9cL2ZsZXVycy1uaWNvbGUubHVcL3dwLWNvbnRlbnRcL3VwbG9hZHNcLzIwMjZcLzAxXC9nYWxlcmllLXByb3Bvcy0yLmpwZyIsInNsaWRlc2hvdyI6ImQyYjAwOTMifQ%3D%3D\" href=\"https:\/\/fleurs-nicole.lu\/wp-content\/uploads\/2026\/01\/galerie-propos-2.jpg\"><figure class=\"swiper-slide-inner\"><img decoding=\"async\" class=\"swiper-slide-image\" src=\"https:\/\/fleurs-nicole.lu\/wp-content\/uploads\/2026\/01\/galerie-propos-2.jpg\" alt=\"Galerie-\u00dcber uns (2)\" \/><\/figure><\/a><\/div>\t\t\t<\/div>\n\t\t\t\t\t\t\t\n\t\t\t\t\t\t\t\t\t<\/div>\n\t\t\t\t\t\t<\/div>\n\t\t\t\t<\/div>\n\t\t\t\t<\/div>\n\t\t","protected":false},"excerpt":{"rendered":"<p>\u00dcber uns Fleurs Nicole \u2013 Ihr Blumenfachgesch\u00e4ft in Clerf seit \u00fcber 35 Jahren. Ob kreativ, modern oder klassisch \u2013 FLEURS NICOLE entwickelt sein florales Handwerk st\u00e4ndig weiter, um Ihren W\u00fcnschen gerecht zu werden. Wir beraten Sie mit Leidenschaft, um den Blumenstrau\u00df oder die Komposition zu finden, die perfekt zu Ihrer Botschaft passt: Gl\u00fcckw\u00fcnsche, Beileid oder [&hellip;]<\/p>\n","protected":false},"author":1,"featured_media":0,"parent":0,"menu_order":0,"comment_status":"closed","ping_status":"closed","template":"","meta":{"footnotes":""},"class_list":["post-1641","page","type-page","status-publish","hentry"],"_links":{"self":[{"href":"https:\/\/fleurs-nicole.lu\/de\/wp-json\/wp\/v2\/pages\/1641","targetHints":{"allow":["GET"]}}],"collection":[{"href":"https:\/\/fleurs-nicole.lu\/de\/wp-json\/wp\/v2\/pages"}],"about":[{"href":"https:\/\/fleurs-nicole.lu\/de\/wp-json\/wp\/v2\/types\/page"}],"author":[{"embeddable":true,"href":"https:\/\/fleurs-nicole.lu\/de\/wp-json\/wp\/v2\/users\/1"}],"replies":[{"embeddable":true,"href":"https:\/\/fleurs-nicole.lu\/de\/wp-json\/wp\/v2\/comments?post=1641"}],"version-history":[{"count":1,"href":"https:\/\/fleurs-nicole.lu\/de\/wp-json\/wp\/v2\/pages\/1641\/revisions"}],"predecessor-version":[{"id":1651,"href":"https:\/\/fleurs-nicole.lu\/de\/wp-json\/wp\/v2\/pages\/1641\/revisions\/1651"}],"wp:attachment":[{"href":"https:\/\/fleurs-nicole.lu\/de\/wp-json\/wp\/v2\/media?parent=1641"}],"curies":[{"name":"wp","href":"https:\/\/api.w.org\/{rel}","templated":true}]}}