{"id":1686,"date":"2026-01-26T08:33:03","date_gmt":"2026-01-26T08:33:03","guid":{"rendered":"https:\/\/fleurs-nicole.lu\/datenschutzerklaerung\/"},"modified":"2026-05-08T08:47:19","modified_gmt":"2026-05-08T08:47:19","slug":"datenschutzerklaerung","status":"publish","type":"page","link":"https:\/\/fleurs-nicole.lu\/de\/datenschutzerklaerung\/","title":{"rendered":"Datenschutzerkl\u00e4rung"},"content":{"rendered":"\t\t<div data-elementor-type=\"wp-page\" data-elementor-id=\"1686\" class=\"elementor elementor-1686 elementor-708\" data-elementor-post-type=\"page\">\n\t\t\t\t<div class=\"elementor-element elementor-element-e79af8a e-flex e-con-boxed e-con e-parent\" data-id=\"e79af8a\" data-element_type=\"container\" data-e-type=\"container\" data-settings=\"{&quot;background_background&quot;:&quot;classic&quot;}\">\n\t\t\t\t\t<div class=\"e-con-inner\">\n\t\t<div class=\"elementor-element elementor-element-981a0d8 e-flex e-con-boxed e-con e-child\" data-id=\"981a0d8\" data-element_type=\"container\" data-e-type=\"container\" data-settings=\"{&quot;background_background&quot;:&quot;classic&quot;}\">\n\t\t\t\t\t<div class=\"e-con-inner\">\n\t\t\t\t<div class=\"elementor-element elementor-element-5335005 elementor-widget elementor-widget-heading\" data-id=\"5335005\" data-element_type=\"widget\" data-e-type=\"widget\" data-widget_type=\"heading.default\">\n\t\t\t\t\t<h1 class=\"elementor-heading-title elementor-size-default\">Datenschutzerkl\u00e4rung<\/h1>\t\t\t\t<\/div>\n\t\t\t\t\t<\/div>\n\t\t\t\t<\/div>\n\t\t\t\t\t<\/div>\n\t\t\t\t<\/div>\n\t\t<div class=\"elementor-element elementor-element-21e908b e-flex e-con-boxed e-con e-parent\" data-id=\"21e908b\" data-element_type=\"container\" data-e-type=\"container\">\n\t\t\t\t\t<div class=\"e-con-inner\">\n\t\t\t\t<div class=\"elementor-element elementor-element-d2f78ad elementor-widget elementor-widget-text-editor\" data-id=\"d2f78ad\" data-element_type=\"widget\" data-e-type=\"widget\" data-widget_type=\"text-editor.default\">\n\t\t\t\t\t\t\t\t\t<h2>Wer sind wir?<\/h2><ul><li>Fleurs Nicole S\u00e0rl<\/li><li><a href=\"mailto:info@fleurs-nicole.lu\">info@fleurs-nicole.lu<\/a><\/li><li>https:\/\/fleurs-nicole.lu\/<\/li><\/ul><p> <\/p><h2>Kommentare<\/h2><p>Wenn Sie auf unserer Website einen Kommentar hinterlassen, werden die im Kommentarformular eingetragenen Daten sowie Ihre IP-Adresse und der User-Agent Ihres Browsers erfasst, um uns bei der Erkennung unerw\u00fcnschter Kommentare zu unterst\u00fctzen.<\/p><p>Eine anonymisierte Zeichenfolge, die aus Ihrer E-Mail-Adresse erstellt wird (auch Hash genannt), kann an den Gravatar-Dienst gesendet werden, um zu pr\u00fcfen, ob Sie diesen nutzen. Die Datenschutzbestimmungen des Gravatar-Dienstes finden Sie hier: https:\/\/ automattic.com\/privacy\/.<\/p><p>Nach Freigabe Ihres Kommentars ist Ihr Profilbild \u00f6ffentlich neben Ihrem Kommentar sichtbar.<\/p><h2>Medien<\/h2><p>Wenn Sie Bilder auf die Website hochladen, empfehlen wir Ihnen, das Hochladen von Bildern zu vermeiden, die EXIF-Daten mit GPS-Koordinaten enthalten. Personen, die Ihre Website besuchen, k\u00f6nnen Standortdaten aus diesen Bildern herunterladen und extrahieren.<\/p><h2>Cookies<\/h2><p>Wenn Sie auf unserer Website einen Kommentar hinterlassen, wird Ihnen angeboten, Ihren Namen, Ihre E-Mail-Adresse und Ihre Website in Cookies zu speichern. Dies dient ausschlie\u00dflich Ihrem Komfort, damit Sie diese Informationen nicht erneut eingeben m\u00fcssen, wenn Sie sp\u00e4ter einen weiteren Kommentar hinterlassen. Diese Cookies verfallen nach einem Jahr.<\/p><p>Wenn Sie die Anmeldeseite besuchen, wird ein tempor\u00e4res Cookie erstellt, um festzustellen, ob Ihr Browser Cookies akzeptiert. Es enth\u00e4lt keine personenbezogenen Daten und wird automatisch gel\u00f6scht, wenn Sie Ihren Browser schlie\u00dfen.<\/p><p>Wenn Sie sich anmelden, richten wir eine Reihe von Cookies ein, um Ihre Anmeldeinformationen und Ihre Anzeigeeinstellungen zu speichern. Die Lebensdauer eines Anmelde-Cookies betr\u00e4gt zwei Tage, die eines Cookies f\u00fcr Anzeigeoptionen ein Jahr. Wenn Sie \u201eAngemeldet bleiben\u201c ausw\u00e4hlen, wird Ihr Anmelde-Cookie zwei Wochen lang gespeichert. Wenn Sie sich von Ihrem Konto abmelden, wird das Anmelde-Cookie gel\u00f6scht.<\/p><p>Beim Bearbeiten oder Ver\u00f6ffentlichen eines Beitrags wird ein<\/p><p>zus\u00e4tzliches Cookie in Ihrem Browser gespeichert. Dieses Cookie enth\u00e4lt keine personenbezogenen Daten. Es zeigt lediglich die ID des Beitrags an, den Sie gerade bearbeitet haben. Es verf\u00e4llt nach einem Tag.<\/p><h2>Eingebettete Inhalte von anderen Websites<\/h2><p>Beitr\u00e4ge auf dieser Website k\u00f6nnen eingebettete Inhalte enthalten (z. B. Videos, Bilder, Beitr\u00e4ge \u2026). Eingebettete Inhalte von anderen Websites verhalten sich genau so, als ob der Besucher diese andere Website besuchen w\u00fcrde.<\/p><p>Diese Websites k\u00f6nnten Daten \u00fcber Sie sammeln, Cookies verwenden, Tracking-Tools von Drittanbietern einbetten und Ihre Interaktionen mit diesen eingebetteten Inhalten verfolgen, wenn Sie \u00fcber ein Konto verf\u00fcgen und auf deren Website angemeldet sind.<\/p><p><strong>Verwendung und Weitergabe Ihrer personenbezogenen Daten <\/strong>Wenn Sie eine Zur\u00fccksetzung Ihres Passworts anfordern, wird Ihre IP-Adresse in der E-Mail zur Zur\u00fccksetzung enthalten sein.<\/p><p>Besucherkommentare k\u00f6nnen mithilfe eines automatisierten Dienstes zur Erkennung unerw\u00fcnschter Kommentare \u00fcberpr\u00fcft werden.<\/p><h2>Speicherdauer Ihrer Daten<\/h2><p>Wenn Sie einen Kommentar hinterlassen, werden der Kommentar und seine Metadaten zeitlich unbegrenzt gespeichert. Dies erm\u00f6glicht es, Folgekommentare automatisch zu erkennen und freizugeben, anstatt sie in der Moderationswarteschlange zu belassen.<\/p><p>F\u00fcr Konten, die sich auf unserer Website registrieren (falls zutreffend), speichern wir au\u00dferdem die personenbezogenen Daten, die in ihrem Profil angegeben sind. Alle Konten k\u00f6nnen ihre personenbezogenen Informationen jederzeit einsehen, \u00e4ndern oder l\u00f6schen (mit Ausnahme ihres Benutzernamens). Die Administratoren der Website k\u00f6nnen diese Informationen ebenfalls einsehen und \u00e4ndern.<\/p><h2>Ihre Rechte in Bezug auf Ihre Daten<\/h2><p>Wenn Sie ein Konto haben oder Kommentare auf der Website hinterlassen haben, k\u00f6nnen Sie anfordern, eine Datei mit allen personenbezogenen Daten zu erhalten, die wir \u00fcber Sie gespeichert haben, einschlie\u00dflich der Daten, die Sie uns bereitgestellt haben. Sie k\u00f6nnen au\u00dferdem die L\u00f6schung der Sie betreffenden personenbezogenen Daten verlangen. Dies umfasst nicht die Daten, die zu administrativen oder rechtlichen Zwecken oder aus Sicherheitsgr\u00fcnden gespeichert werden.<\/p>\t\t\t\t\t\t\t\t<\/div>\n\t\t\t\t\t<\/div>\n\t\t\t\t<\/div>\n\t\t\t\t<\/div>\n\t\t","protected":false},"excerpt":{"rendered":"<p>Datenschutzerkl\u00e4rung Wer sind wir? Fleurs Nicole S\u00e0rl info@fleurs-nicole.lu https:\/\/fleurs-nicole.lu\/ Kommentare Wenn Sie auf unserer Website einen Kommentar hinterlassen, werden die im Kommentarformular eingetragenen Daten sowie Ihre IP-Adresse und der User-Agent Ihres Browsers erfasst, um uns bei der Erkennung unerw\u00fcnschter Kommentare zu unterst\u00fctzen. Eine anonymisierte Zeichenfolge, die aus Ihrer E-Mail-Adresse erstellt wird (auch Hash genannt), kann [&hellip;]<\/p>\n","protected":false},"author":1,"featured_media":0,"parent":0,"menu_order":0,"comment_status":"closed","ping_status":"closed","template":"","meta":{"footnotes":""},"class_list":["post-1686","page","type-page","status-publish","hentry"],"_links":{"self":[{"href":"https:\/\/fleurs-nicole.lu\/de\/wp-json\/wp\/v2\/pages\/1686","targetHints":{"allow":["GET"]}}],"collection":[{"href":"https:\/\/fleurs-nicole.lu\/de\/wp-json\/wp\/v2\/pages"}],"about":[{"href":"https:\/\/fleurs-nicole.lu\/de\/wp-json\/wp\/v2\/types\/page"}],"author":[{"embeddable":true,"href":"https:\/\/fleurs-nicole.lu\/de\/wp-json\/wp\/v2\/users\/1"}],"replies":[{"embeddable":true,"href":"https:\/\/fleurs-nicole.lu\/de\/wp-json\/wp\/v2\/comments?post=1686"}],"version-history":[{"count":1,"href":"https:\/\/fleurs-nicole.lu\/de\/wp-json\/wp\/v2\/pages\/1686\/revisions"}],"predecessor-version":[{"id":1687,"href":"https:\/\/fleurs-nicole.lu\/de\/wp-json\/wp\/v2\/pages\/1686\/revisions\/1687"}],"wp:attachment":[{"href":"https:\/\/fleurs-nicole.lu\/de\/wp-json\/wp\/v2\/media?parent=1686"}],"curies":[{"name":"wp","href":"https:\/\/api.w.org\/{rel}","templated":true}]}}