{"id":1693,"date":"2026-01-26T08:32:34","date_gmt":"2026-01-26T08:32:34","guid":{"rendered":"https:\/\/fleurs-nicole.lu\/impressum\/"},"modified":"2026-05-08T08:47:40","modified_gmt":"2026-05-08T08:47:40","slug":"impressum","status":"publish","type":"page","link":"https:\/\/fleurs-nicole.lu\/de\/impressum\/","title":{"rendered":"Impressum"},"content":{"rendered":"\t\t<div data-elementor-type=\"wp-page\" data-elementor-id=\"1693\" class=\"elementor elementor-1693 elementor-704\" data-elementor-post-type=\"page\">\n\t\t\t\t<div class=\"elementor-element elementor-element-6f69adf e-flex e-con-boxed e-con e-parent\" data-id=\"6f69adf\" data-element_type=\"container\" data-e-type=\"container\" data-settings=\"{&quot;background_background&quot;:&quot;classic&quot;}\">\n\t\t\t\t\t<div class=\"e-con-inner\">\n\t\t<div class=\"elementor-element elementor-element-850b067 e-flex e-con-boxed e-con e-child\" data-id=\"850b067\" data-element_type=\"container\" data-e-type=\"container\" data-settings=\"{&quot;background_background&quot;:&quot;classic&quot;}\">\n\t\t\t\t\t<div class=\"e-con-inner\">\n\t\t\t\t<div class=\"elementor-element elementor-element-dde4aa6 elementor-widget elementor-widget-heading\" data-id=\"dde4aa6\" data-element_type=\"widget\" data-e-type=\"widget\" data-widget_type=\"heading.default\">\n\t\t\t\t\t<h1 class=\"elementor-heading-title elementor-size-default\">Impressum<\/h1>\t\t\t\t<\/div>\n\t\t\t\t\t<\/div>\n\t\t\t\t<\/div>\n\t\t\t\t\t<\/div>\n\t\t\t\t<\/div>\n\t\t<div class=\"elementor-element elementor-element-0849068 e-flex e-con-boxed e-con e-parent\" data-id=\"0849068\" data-element_type=\"container\" data-e-type=\"container\">\n\t\t\t\t\t<div class=\"e-con-inner\">\n\t\t\t\t<div class=\"elementor-element elementor-element-dc3584e elementor-widget elementor-widget-text-editor\" data-id=\"dc3584e\" data-element_type=\"widget\" data-e-type=\"widget\" data-widget_type=\"text-editor.default\">\n\t\t\t\t\t\t\t\t\t<h2>1- Website-Herausgabe<\/h2><p>Im Rahmen des Vertrauens in die digitale Wirtschaft wird den Nutzern der Website <strong>https:\/\/fleurs-nicole.lu\/ <\/strong>die Identit\u00e4t der verschiedenen Beteiligten an deren Erstellung und Betreuung mitgeteilt:<\/p><p><strong>Website-Eigent\u00fcmer: <\/strong>Fleurs Nicole S\u00e0rl \u2013 Kontakt: info@fleurs-nicole.lu +352 92 11 15 \u2013 Adresse: Fleurs Nicole 50 Grand-Rue L-9710 Clervaux Luxemburg.<\/p><p><strong>Unternehmensidentifikation: <\/strong>Fleurs Nicole S\u00e0rl \u2013 Internationale MwSt-Nr.: LU15378986 \u2013 Handelsregisternummer: B102053 \u2013 Postanschrift: Fleurs Nicole 50 Grand-Rue L-9710 Clervaux Luxemburg \u2013<\/p><p><strong>Verantwortlich f\u00fcr die Ver\u00f6ffentlichung: <\/strong>Fleurs Nicole S\u00e0rl \u2013 Kontakt: +352 92 11 15.<\/p><p><strong>Hosting-Anbieter: <\/strong>Noch auszuf\u00fcllen<\/p><p><strong>Datenschutzbeauftragter: <\/strong>Fleurs Nicole S\u00e0rl \u2013 <a href=\"mailto:info@fleurs-nicole.lu\">info@fleurs-nicole.lu<\/a><\/p><p><strong>Weitere Mitwirkende: <\/strong>Markeasy<\/p><p> <\/p><h2>2- Geistiges Eigentum und Urheberrechtsverletzungen.<\/h2><p><strong>Fleurs Nicole S\u00e0rl <\/strong>ist Inhaberin der geistigen Eigentumsrechte und besitzt die Nutzungsrechte f\u00fcr alle auf der Website zug\u00e4nglichen Elemente, insbesondere Texte, Bilder, Grafiken, Logos, Videos, Architektur, Icons und T\u00f6ne.<\/p><p>Jede Vervielf\u00e4ltigung, Darstellung, \u00c4nderung, Ver\u00f6ffentlichung oder Anpassung aller oder einzelner Elemente der Website, unabh\u00e4ngig von den verwendeten Mitteln oder Verfahren, ist untersagt, es sei denn, es liegt eine vorherige schriftliche Genehmigung von <strong>Fleurs Nicole S\u00e0rl<\/strong> vor.<\/p><p>Jede unbefugte Nutzung der Website oder eines ihrer Elemente wird als Urheberrechtsverletzung betrachtet und gem\u00e4\u00df den gesetzlichen Bestimmungen verfolgt.<\/p><p> <\/p><h2>3- Haftungsbeschr\u00e4nkungen.<\/h2><p><strong>Fleurs Nicole S\u00e0rl <\/strong>kann nicht f\u00fcr direkte oder indirekte Sch\u00e4den an der Hardware des Nutzers haftbar gemacht werden, die beim Zugriff auf die Website <strong>https:\/\/fleurs-nicole.lu\/<\/strong> entstehen.<\/p><p><strong>Fleurs Nicole S\u00e0rl <\/strong>lehnt jegliche Haftung f\u00fcr die Verwendung der auf <strong>https:\/\/fleurs-nicole.lu\/<\/strong> enthaltenen Informationen und Inhalte ab.<\/p><p><strong>Fleurs Nicole S\u00e0rl <\/strong>bem\u00fcht sich um die bestm\u00f6gliche Sicherung der Website <strong>https:\/\/fleurs-nicole.lu\/<\/strong>, kann jedoch nicht haftbar gemacht werden, wenn ohne ihr Wissen unerw\u00fcnschte Daten auf ihre Website importiert und installiert werden.<\/p><p>Den Nutzern stehen interaktive Bereiche (Kontaktbereich oder Kommentare) zur Verf\u00fcgung. <strong>Fleurs Nicole S\u00e0rl <\/strong>beh\u00e4lt sich das Recht vor, ohne vorherige Mahnung alle in diesem Bereich eingestellten Inhalte zu l\u00f6schen, die gegen die in Luxemburg geltende Gesetzgebung, insbesondere gegen die Datenschutzbestimmungen, versto\u00dfen.<\/p><p>Gegebenenfalls beh\u00e4lt sich <strong>Fleurs Nicole S\u00e0rl <\/strong>zudem die M\u00f6glichkeit vor, die zivil- und\/oder strafrechtliche Haftung des Nutzers in Anspruch zu nehmen, insbesondere bei rassistischen, beleidigenden, verleumderischen oder pornografischen Nachrichten, unabh\u00e4ngig vom verwendeten Medium (Text, Fotografie \u2026).<\/p><p> <\/p><h2>4- Verwaltung personenbezogener Daten.<\/h2><p>Der Nutzer der Website <strong>https:\/\/fleurs-nicole.lu\/ <\/strong>hat ein Recht auf Auskunft, \u00c4nderung und L\u00f6schung der erhobenen Informationen. Um dieses Recht auszu\u00fcben, senden Sie eine Nachricht an unseren Datenschutzbeauftragten: <strong>Fleurs Nicole S\u00e0rl <\/strong>\u2013 <a href=\"mailto:info@fleurs-nicole.lu\"><strong>info@fleurs-nicole.lu<\/strong>.<\/a><\/p><p>Weitere Informationen dar\u00fcber, wie wir Ihre Daten verarbeiten (Art der Daten, Zweck, Empf\u00e4nger&#8230;), finden Sie in unserer <strong>https:\/\/fleurs-nicole.lu\/politique-de-confidentialite\/<\/strong>.<\/p><p> <\/p><h2>5- Hyperlinks und Cookies<\/h2><p>Die Website <strong>https:\/\/fleurs-nicole.lu\/ <\/strong>enth\u00e4lt Hyperlinks zu anderen Websites und lehnt jede Verantwortung f\u00fcr diese externen Links oder f\u00fcr Links ab, die von anderen Websites auf <strong>https:\/\/fleurs-nicole.lu\/<\/strong> erstellt wurden.<\/p><p>Das Surfen auf der Website <strong>https:\/\/fleurs-nicole.lu\/ <\/strong>kann dazu f\u00fchren, dass Cookie(s) auf dem Computer des Nutzers installiert werden. Ein \u201eCookie\u201c ist eine kleine Datei, die Informationen \u00fcber das Surfverhalten eines Nutzers auf einer Website speichert. Die so gewonnenen Daten erm\u00f6glichen beispielsweise Reichweitenmessungen.<\/p><p>Sie haben die M\u00f6glichkeit, <strong>Cookies zu akzeptieren oder abzulehnen<\/strong>, indem Sie die Einstellungen Ihres Browsers \u00e4ndern. Ohne Ihre Zustimmung werden keine Cookies gesetzt.<\/p><p>Cookies werden f\u00fcr eine maximale Dauer von Monaten gespeichert. Weitere Informationen dar\u00fcber, wie wir Cookies verwenden, finden Sie in unserer <strong>https:\/\/fleurs-nicole.lu\/politique-de-confidentialite\/<\/strong>.<\/p><p> <\/p><h2>6- Anwendbares Recht und Gerichtsstand.<\/h2><p>Alle Streitigkeiten im Zusammenhang mit der Nutzung der Website <strong>https:\/\/fleurs-nicole.lu\/ <\/strong>unterliegen luxemburgischem Recht. Sofern gesetzlich nicht anders vorgeschrieben, wird die ausschlie\u00dfliche Zust\u00e4ndigkeit den zust\u00e4ndigen Gerichten von <strong>Luxemburg<\/strong> \u00fcbertragen.<\/p>\t\t\t\t\t\t\t\t<\/div>\n\t\t\t\t\t<\/div>\n\t\t\t\t<\/div>\n\t\t\t\t<\/div>\n\t\t","protected":false},"excerpt":{"rendered":"<p>Impressum 1- Website-Herausgabe Im Rahmen des Vertrauens in die digitale Wirtschaft wird den Nutzern der Website https:\/\/fleurs-nicole.lu\/ die Identit\u00e4t der verschiedenen Beteiligten an deren Erstellung und Betreuung mitgeteilt: Website-Eigent\u00fcmer: Fleurs Nicole S\u00e0rl \u2013 Kontakt: info@fleurs-nicole.lu +352 92 11 15 \u2013 Adresse: Fleurs Nicole 50 Grand-Rue L-9710 Clervaux Luxemburg. Unternehmensidentifikation: Fleurs Nicole S\u00e0rl \u2013 Internationale MwSt-Nr.: [&hellip;]<\/p>\n","protected":false},"author":1,"featured_media":0,"parent":0,"menu_order":0,"comment_status":"closed","ping_status":"closed","template":"","meta":{"footnotes":""},"class_list":["post-1693","page","type-page","status-publish","hentry"],"_links":{"self":[{"href":"https:\/\/fleurs-nicole.lu\/de\/wp-json\/wp\/v2\/pages\/1693","targetHints":{"allow":["GET"]}}],"collection":[{"href":"https:\/\/fleurs-nicole.lu\/de\/wp-json\/wp\/v2\/pages"}],"about":[{"href":"https:\/\/fleurs-nicole.lu\/de\/wp-json\/wp\/v2\/types\/page"}],"author":[{"embeddable":true,"href":"https:\/\/fleurs-nicole.lu\/de\/wp-json\/wp\/v2\/users\/1"}],"replies":[{"embeddable":true,"href":"https:\/\/fleurs-nicole.lu\/de\/wp-json\/wp\/v2\/comments?post=1693"}],"version-history":[{"count":1,"href":"https:\/\/fleurs-nicole.lu\/de\/wp-json\/wp\/v2\/pages\/1693\/revisions"}],"predecessor-version":[{"id":1694,"href":"https:\/\/fleurs-nicole.lu\/de\/wp-json\/wp\/v2\/pages\/1693\/revisions\/1694"}],"wp:attachment":[{"href":"https:\/\/fleurs-nicole.lu\/de\/wp-json\/wp\/v2\/media?parent=1693"}],"curies":[{"name":"wp","href":"https:\/\/api.w.org\/{rel}","templated":true}]}}