{"id":1732,"date":"2026-01-23T14:10:16","date_gmt":"2026-01-23T14:10:16","guid":{"rendered":"https:\/\/fleurs-nicole.lu\/blumenstrauss\/"},"modified":"2026-05-08T08:48:32","modified_gmt":"2026-05-08T08:48:32","slug":"blumenstrauss","status":"publish","type":"page","link":"https:\/\/fleurs-nicole.lu\/de\/blumenstrauss\/","title":{"rendered":"Blumenstrau\u00df"},"content":{"rendered":"\t\t<div data-elementor-type=\"wp-page\" data-elementor-id=\"1732\" class=\"elementor elementor-1732 elementor-555\" data-elementor-post-type=\"page\">\n\t\t\t\t<div class=\"elementor-element elementor-element-37d3925 e-flex e-con-boxed e-con e-parent\" data-id=\"37d3925\" data-element_type=\"container\" data-e-type=\"container\" data-settings=\"{&quot;background_background&quot;:&quot;classic&quot;}\">\n\t\t\t\t\t<div class=\"e-con-inner\">\n\t\t<div class=\"elementor-element elementor-element-dc8188c e-flex e-con-boxed e-con e-child\" data-id=\"dc8188c\" data-element_type=\"container\" data-e-type=\"container\" data-settings=\"{&quot;background_background&quot;:&quot;classic&quot;}\">\n\t\t\t\t\t<div class=\"e-con-inner\">\n\t\t\t\t<div class=\"elementor-element elementor-element-ce63124 elementor-widget elementor-widget-heading\" data-id=\"ce63124\" data-element_type=\"widget\" data-e-type=\"widget\" data-widget_type=\"heading.default\">\n\t\t\t\t\t<h1 class=\"elementor-heading-title elementor-size-default\">Blumenstrau\u00df<\/h1>\t\t\t\t<\/div>\n\t\t\t\t\t<\/div>\n\t\t\t\t<\/div>\n\t\t\t\t\t<\/div>\n\t\t\t\t<\/div>\n\t\t<div class=\"elementor-element elementor-element-db04d6e e-flex e-con-boxed e-con e-parent\" data-id=\"db04d6e\" data-element_type=\"container\" data-e-type=\"container\" data-settings=\"{&quot;background_background&quot;:&quot;classic&quot;}\">\n\t\t\t\t\t<div class=\"e-con-inner\">\n\t\t<div class=\"elementor-element elementor-element-e34bca7 e-flex e-con-boxed e-con e-child\" data-id=\"e34bca7\" data-element_type=\"container\" data-e-type=\"container\">\n\t\t\t\t\t<div class=\"e-con-inner\">\n\t\t<div class=\"elementor-element elementor-element-cc274de e-flex e-con-boxed e-con e-child\" data-id=\"cc274de\" data-element_type=\"container\" data-e-type=\"container\">\n\t\t\t\t\t<div class=\"e-con-inner\">\n\t\t<div class=\"elementor-element elementor-element-a3428b1 e-flex e-con-boxed e-con e-child\" data-id=\"a3428b1\" data-element_type=\"container\" data-e-type=\"container\">\n\t\t\t\t\t<div class=\"e-con-inner\">\n\t\t<div class=\"elementor-element elementor-element-0e47acc animated-slow e-con-full e-flex elementor-invisible e-con e-child\" data-id=\"0e47acc\" data-element_type=\"container\" data-e-type=\"container\" data-settings=\"{&quot;background_background&quot;:&quot;classic&quot;,&quot;animation&quot;:&quot;fadeIn&quot;}\">\n\t\t\t\t<div class=\"elementor-element elementor-element-ff69d4a elementor-widget elementor-widget-spacer\" data-id=\"ff69d4a\" data-element_type=\"widget\" data-e-type=\"widget\" data-widget_type=\"spacer.default\">\n\t\t\t\t\t\t\t<div class=\"elementor-spacer\">\n\t\t\t<div class=\"elementor-spacer-inner\"><\/div>\n\t\t<\/div>\n\t\t\t\t\t\t<\/div>\n\t\t\t\t<\/div>\n\t\t<div class=\"elementor-element elementor-element-3f38719 e-con-full e-flex e-con e-child\" data-id=\"3f38719\" data-element_type=\"container\" data-e-type=\"container\" data-settings=\"{&quot;position&quot;:&quot;absolute&quot;}\">\n\t\t\t\t<div class=\"elementor-element elementor-element-fb99187 animated-slow elementor-invisible elementor-widget elementor-widget-image\" data-id=\"fb99187\" data-element_type=\"widget\" data-e-type=\"widget\" data-settings=\"{&quot;_animation&quot;:&quot;fadeIn&quot;,&quot;_animation_delay&quot;:300}\" data-widget_type=\"image.default\">\n\t\t\t\t\t\t\t\t\t\t\t\t\t\t\t<img fetchpriority=\"high\" decoding=\"async\" width=\"650\" height=\"366\" src=\"https:\/\/fleurs-nicole.lu\/wp-content\/uploads\/2026\/01\/galerie-bouquet-nicole-fleur-9.jpg\" class=\"attachment-full size-full wp-image-1734\" alt=\"\" srcset=\"https:\/\/fleurs-nicole.lu\/wp-content\/uploads\/2026\/01\/galerie-bouquet-nicole-fleur-9.jpg 650w, https:\/\/fleurs-nicole.lu\/wp-content\/uploads\/2026\/01\/galerie-bouquet-nicole-fleur-9-300x169.jpg 300w\" sizes=\"(max-width: 650px) 100vw, 650px\" \/>\t\t\t\t\t\t\t\t\t\t\t\t\t\t\t<\/div>\n\t\t\t\t<\/div>\n\t\t\t\t\t<\/div>\n\t\t\t\t<\/div>\n\t\t\t\t\t<\/div>\n\t\t\t\t<\/div>\n\t\t<div class=\"elementor-element elementor-element-a29ce50 e-flex e-con-boxed e-con e-child\" data-id=\"a29ce50\" data-element_type=\"container\" data-e-type=\"container\">\n\t\t\t\t\t<div class=\"e-con-inner\">\n\t\t\t\t<div class=\"elementor-element elementor-element-91a63b6 animated-slow elementor-invisible elementor-widget elementor-widget-heading\" data-id=\"91a63b6\" data-element_type=\"widget\" data-e-type=\"widget\" data-settings=\"{&quot;_animation&quot;:&quot;fadeIn&quot;,&quot;_animation_delay&quot;:500}\" data-widget_type=\"heading.default\">\n\t\t\t\t\t<h2 class=\"elementor-heading-title elementor-size-default\">Unsere Blumenstr\u00e4u\u00dfe\n<\/h2>\t\t\t\t<\/div>\n\t\t\t\t<div class=\"elementor-element elementor-element-c624a16 elementor-widget elementor-widget-text-editor\" data-id=\"c624a16\" data-element_type=\"widget\" data-e-type=\"widget\" data-widget_type=\"text-editor.default\">\n\t\t\t\t\t\t\t\t\t<p>Bei Fleurs Nicole entdecken Sie frische und kreative Blumenstr\u00e4u\u00dfe.<\/p><p>Wir bieten auch Kunstblumen sowie eine gro\u00dfe Auswahl an Gr\u00fcn- und Bl\u00fchpflanzen mit pers\u00f6nlicher Beratung zu ihrer Pflege.<\/p>\t\t\t\t\t\t\t\t<\/div>\n\t\t\t\t<div class=\"elementor-element elementor-element-22592fa elementor-mobile-align-center elementor-tablet-align-center elementor-hidden-tablet elementor-hidden-mobile elementor-widget elementor-widget-button\" data-id=\"22592fa\" data-element_type=\"widget\" data-e-type=\"widget\" data-widget_type=\"button.default\">\n\t\t\t\t\t\t\t\t\t\t<a class=\"elementor-button elementor-button-link elementor-size-sm\" href=\"https:\/\/fleurs-nicole.lu\/de\/kontakt\/\">\n\t\t\t\t\t\t<span class=\"elementor-button-content-wrapper\">\n\t\t\t\t\t\t\t\t\t<span class=\"elementor-button-text\">Kontaktieren Sie uns<\/span>\n\t\t\t\t\t<\/span>\n\t\t\t\t\t<\/a>\n\t\t\t\t\t\t\t\t<\/div>\n\t\t\t\t\t<\/div>\n\t\t\t\t<\/div>\n\t\t\t\t\t<\/div>\n\t\t\t\t<\/div>\n\t\t\t\t\t<\/div>\n\t\t\t\t<\/div>\n\t\t<div class=\"elementor-element elementor-element-8898dde e-flex e-con-boxed e-con e-parent\" data-id=\"8898dde\" data-element_type=\"container\" data-e-type=\"container\" data-settings=\"{&quot;background_background&quot;:&quot;classic&quot;}\">\n\t\t\t\t\t<div class=\"e-con-inner\">\n\t\t\t\t\t<\/div>\n\t\t\t\t<\/div>\n\t\t<div class=\"elementor-element elementor-element-d22fc18 custom-swip e-flex e-con-boxed e-con e-parent\" data-id=\"d22fc18\" data-element_type=\"container\" data-e-type=\"container\" data-settings=\"{&quot;background_background&quot;:&quot;classic&quot;}\">\n\t\t\t\t\t<div class=\"e-con-inner\">\n\t\t\t\t<div class=\"elementor-element elementor-element-86d8296 elementor-widget elementor-widget-gallery\" data-id=\"86d8296\" data-element_type=\"widget\" data-e-type=\"widget\" data-settings=\"{&quot;lazyload&quot;:&quot;yes&quot;,&quot;gallery_layout&quot;:&quot;grid&quot;,&quot;columns&quot;:4,&quot;columns_tablet&quot;:2,&quot;columns_mobile&quot;:1,&quot;gap&quot;:{&quot;unit&quot;:&quot;px&quot;,&quot;size&quot;:10,&quot;sizes&quot;:[]},&quot;gap_tablet&quot;:{&quot;unit&quot;:&quot;px&quot;,&quot;size&quot;:10,&quot;sizes&quot;:[]},&quot;gap_mobile&quot;:{&quot;unit&quot;:&quot;px&quot;,&quot;size&quot;:10,&quot;sizes&quot;:[]},&quot;link_to&quot;:&quot;file&quot;,&quot;aspect_ratio&quot;:&quot;3:2&quot;,&quot;overlay_background&quot;:&quot;yes&quot;,&quot;content_hover_animation&quot;:&quot;fade-in&quot;}\" data-widget_type=\"gallery.default\">\n\t\t\t\t\t\t\t\t<div class=\"elementor-gallery__titles-container e--pointer-underline e--animation-fade\" aria-label=\"Gallery filter\">\n\t\t\t\t\n\t\t\t\t\t\t\t\t\t<a class=\"elementor-item elementor-gallery-title\" role=\"button\" tabindex=\"0\" data-gallery-index=\"0\">\n\t\t\t\t\t\t\t\t\t\t\t<\/a>\n\t\t\t\t\t\t\t\t<\/div>\n\t\t\t\t\t<div class=\"elementor-gallery__container\">\n\t\t\t\t\t\t\t<a class=\"e-gallery-item elementor-gallery-item elementor-animated-content\" data-e-gallery-tags=\"0\" href=\"https:\/\/fleurs-nicole.lu\/wp-content\/uploads\/2026\/02\/galerie-nicole-fleur-2.jpg\" data-elementor-open-lightbox=\"yes\" data-elementor-lightbox-slideshow=\"86d8296\" data-elementor-lightbox-title=\"galerie-nicole-fleur (2)\" data-e-action-hash=\"#elementor-action%3Aaction%3Dlightbox%26settings%3DeyJpZCI6MTczNSwidXJsIjoiaHR0cHM6XC9cL2ZsZXVycy1uaWNvbGUubHVcL3dwLWNvbnRlbnRcL3VwbG9hZHNcLzIwMjZcLzAyXC9nYWxlcmllLW5pY29sZS1mbGV1ci0yLmpwZyIsInNsaWRlc2hvdyI6Ijg2ZDgyOTYifQ%3D%3D\">\n\t\t\t\t\t<div class=\"e-gallery-image elementor-gallery-item__image\" data-thumbnail=\"https:\/\/fleurs-nicole.lu\/wp-content\/uploads\/2026\/02\/galerie-nicole-fleur-2.jpg\" data-width=\"1024\" data-height=\"576\" aria-label=\"\" role=\"img\" ><\/div>\n\t\t\t\t\t\t\t\t\t\t\t<div class=\"elementor-gallery-item__overlay\"><\/div>\n\t\t\t\t\t\t\t\t\t\t\t\t\t\t<\/a>\n\t\t\t\t\t\t\t<a class=\"e-gallery-item elementor-gallery-item elementor-animated-content\" data-e-gallery-tags=\"0\" href=\"https:\/\/fleurs-nicole.lu\/wp-content\/uploads\/2026\/02\/galerie-nicole-fleur-3.jpg\" data-elementor-open-lightbox=\"yes\" data-elementor-lightbox-slideshow=\"86d8296\" data-elementor-lightbox-title=\"galerie-nicole-fleur (3)\" data-e-action-hash=\"#elementor-action%3Aaction%3Dlightbox%26settings%3DeyJpZCI6MTczNiwidXJsIjoiaHR0cHM6XC9cL2ZsZXVycy1uaWNvbGUubHVcL3dwLWNvbnRlbnRcL3VwbG9hZHNcLzIwMjZcLzAyXC9nYWxlcmllLW5pY29sZS1mbGV1ci0zLmpwZyIsInNsaWRlc2hvdyI6Ijg2ZDgyOTYifQ%3D%3D\">\n\t\t\t\t\t<div class=\"e-gallery-image elementor-gallery-item__image\" data-thumbnail=\"https:\/\/fleurs-nicole.lu\/wp-content\/uploads\/2026\/02\/galerie-nicole-fleur-3.jpg\" data-width=\"1024\" data-height=\"576\" aria-label=\"\" role=\"img\" ><\/div>\n\t\t\t\t\t\t\t\t\t\t\t<div class=\"elementor-gallery-item__overlay\"><\/div>\n\t\t\t\t\t\t\t\t\t\t\t\t\t\t<\/a>\n\t\t\t\t\t\t\t<a class=\"e-gallery-item elementor-gallery-item elementor-animated-content\" data-e-gallery-tags=\"0\" href=\"https:\/\/fleurs-nicole.lu\/wp-content\/uploads\/2026\/02\/galerie-nicole-fleur-5.jpg\" data-elementor-open-lightbox=\"yes\" data-elementor-lightbox-slideshow=\"86d8296\" data-elementor-lightbox-title=\"galerie-nicole-fleur (5)\" data-e-action-hash=\"#elementor-action%3Aaction%3Dlightbox%26settings%3DeyJpZCI6MTcyNywidXJsIjoiaHR0cHM6XC9cL2ZsZXVycy1uaWNvbGUubHVcL3dwLWNvbnRlbnRcL3VwbG9hZHNcLzIwMjZcLzAyXC9nYWxlcmllLW5pY29sZS1mbGV1ci01LmpwZyIsInNsaWRlc2hvdyI6Ijg2ZDgyOTYifQ%3D%3D\">\n\t\t\t\t\t<div class=\"e-gallery-image elementor-gallery-item__image\" data-thumbnail=\"https:\/\/fleurs-nicole.lu\/wp-content\/uploads\/2026\/02\/galerie-nicole-fleur-5.jpg\" data-width=\"1032\" data-height=\"774\" aria-label=\"\" role=\"img\" ><\/div>\n\t\t\t\t\t\t\t\t\t\t\t<div class=\"elementor-gallery-item__overlay\"><\/div>\n\t\t\t\t\t\t\t\t\t\t\t\t\t\t<\/a>\n\t\t\t\t\t\t\t<a class=\"e-gallery-item elementor-gallery-item elementor-animated-content\" data-e-gallery-tags=\"0\" href=\"https:\/\/fleurs-nicole.lu\/wp-content\/uploads\/2026\/01\/galerie-bouquet-nicole-fleur-5.jpg\" data-elementor-open-lightbox=\"yes\" data-elementor-lightbox-slideshow=\"86d8296\" data-elementor-lightbox-title=\"galerie-bouquet-nicole-fleur (5)\" data-e-action-hash=\"#elementor-action%3Aaction%3Dlightbox%26settings%3DeyJpZCI6MTczNywidXJsIjoiaHR0cHM6XC9cL2ZsZXVycy1uaWNvbGUubHVcL3dwLWNvbnRlbnRcL3VwbG9hZHNcLzIwMjZcLzAxXC9nYWxlcmllLWJvdXF1ZXQtbmljb2xlLWZsZXVyLTUuanBnIiwic2xpZGVzaG93IjoiODZkODI5NiJ9\">\n\t\t\t\t\t<div class=\"e-gallery-image elementor-gallery-item__image\" data-thumbnail=\"https:\/\/fleurs-nicole.lu\/wp-content\/uploads\/2026\/01\/galerie-bouquet-nicole-fleur-5.jpg\" data-width=\"650\" data-height=\"488\" aria-label=\"\" role=\"img\" ><\/div>\n\t\t\t\t\t\t\t\t\t\t\t<div class=\"elementor-gallery-item__overlay\"><\/div>\n\t\t\t\t\t\t\t\t\t\t\t\t\t\t<\/a>\n\t\t\t\t\t\t\t<a class=\"e-gallery-item elementor-gallery-item elementor-animated-content\" data-e-gallery-tags=\"0\" href=\"https:\/\/fleurs-nicole.lu\/wp-content\/uploads\/2026\/01\/galerie-bouquet-nicole-fleur-8.jpg\" data-elementor-open-lightbox=\"yes\" data-elementor-lightbox-slideshow=\"86d8296\" data-elementor-lightbox-title=\"galerie-bouquet-nicole-fleur (8)\" data-e-action-hash=\"#elementor-action%3Aaction%3Dlightbox%26settings%3DeyJpZCI6MTczOCwidXJsIjoiaHR0cHM6XC9cL2ZsZXVycy1uaWNvbGUubHVcL3dwLWNvbnRlbnRcL3VwbG9hZHNcLzIwMjZcLzAxXC9nYWxlcmllLWJvdXF1ZXQtbmljb2xlLWZsZXVyLTguanBnIiwic2xpZGVzaG93IjoiODZkODI5NiJ9\">\n\t\t\t\t\t<div class=\"e-gallery-image elementor-gallery-item__image\" data-thumbnail=\"https:\/\/fleurs-nicole.lu\/wp-content\/uploads\/2026\/01\/galerie-bouquet-nicole-fleur-8.jpg\" data-width=\"650\" data-height=\"366\" aria-label=\"\" role=\"img\" ><\/div>\n\t\t\t\t\t\t\t\t\t\t\t<div class=\"elementor-gallery-item__overlay\"><\/div>\n\t\t\t\t\t\t\t\t\t\t\t\t\t\t<\/a>\n\t\t\t\t\t\t\t<a class=\"e-gallery-item elementor-gallery-item elementor-animated-content\" data-e-gallery-tags=\"0\" href=\"https:\/\/fleurs-nicole.lu\/wp-content\/uploads\/2026\/01\/galerie-bouquet-nicole-fleur-9.jpg\" data-elementor-open-lightbox=\"yes\" data-elementor-lightbox-slideshow=\"86d8296\" data-elementor-lightbox-title=\"galerie-bouquet-nicole-fleur (9)\" data-e-action-hash=\"#elementor-action%3Aaction%3Dlightbox%26settings%3DeyJpZCI6MTczNCwidXJsIjoiaHR0cHM6XC9cL2ZsZXVycy1uaWNvbGUubHVcL3dwLWNvbnRlbnRcL3VwbG9hZHNcLzIwMjZcLzAxXC9nYWxlcmllLWJvdXF1ZXQtbmljb2xlLWZsZXVyLTkuanBnIiwic2xpZGVzaG93IjoiODZkODI5NiJ9\">\n\t\t\t\t\t<div class=\"e-gallery-image elementor-gallery-item__image\" data-thumbnail=\"https:\/\/fleurs-nicole.lu\/wp-content\/uploads\/2026\/01\/galerie-bouquet-nicole-fleur-9.jpg\" data-width=\"650\" data-height=\"366\" aria-label=\"\" role=\"img\" ><\/div>\n\t\t\t\t\t\t\t\t\t\t\t<div class=\"elementor-gallery-item__overlay\"><\/div>\n\t\t\t\t\t\t\t\t\t\t\t\t\t\t<\/a>\n\t\t\t\t\t<\/div>\n\t\t\t\t\t<\/div>\n\t\t\t\t\t<\/div>\n\t\t\t\t<\/div>\n\t\t\t\t<\/div>\n\t\t","protected":false},"excerpt":{"rendered":"<p>Blumenstrau\u00df Unsere Blumenstr\u00e4u\u00dfe Bei Fleurs Nicole entdecken Sie frische und kreative Blumenstr\u00e4u\u00dfe. Wir bieten auch Kunstblumen sowie eine gro\u00dfe Auswahl an Gr\u00fcn- und Bl\u00fchpflanzen mit pers\u00f6nlicher Beratung zu ihrer Pflege. Kontaktieren Sie uns<\/p>\n","protected":false},"author":1,"featured_media":0,"parent":0,"menu_order":0,"comment_status":"closed","ping_status":"closed","template":"","meta":{"footnotes":""},"class_list":["post-1732","page","type-page","status-publish","hentry"],"_links":{"self":[{"href":"https:\/\/fleurs-nicole.lu\/de\/wp-json\/wp\/v2\/pages\/1732","targetHints":{"allow":["GET"]}}],"collection":[{"href":"https:\/\/fleurs-nicole.lu\/de\/wp-json\/wp\/v2\/pages"}],"about":[{"href":"https:\/\/fleurs-nicole.lu\/de\/wp-json\/wp\/v2\/types\/page"}],"author":[{"embeddable":true,"href":"https:\/\/fleurs-nicole.lu\/de\/wp-json\/wp\/v2\/users\/1"}],"replies":[{"embeddable":true,"href":"https:\/\/fleurs-nicole.lu\/de\/wp-json\/wp\/v2\/comments?post=1732"}],"version-history":[{"count":1,"href":"https:\/\/fleurs-nicole.lu\/de\/wp-json\/wp\/v2\/pages\/1732\/revisions"}],"predecessor-version":[{"id":1739,"href":"https:\/\/fleurs-nicole.lu\/de\/wp-json\/wp\/v2\/pages\/1732\/revisions\/1739"}],"wp:attachment":[{"href":"https:\/\/fleurs-nicole.lu\/de\/wp-json\/wp\/v2\/media?parent=1732"}],"curies":[{"name":"wp","href":"https:\/\/api.w.org\/{rel}","templated":true}]}}